{"id":476,"date":"2024-09-06T15:10:51","date_gmt":"2024-09-06T15:10:51","guid":{"rendered":"https:\/\/www.mdiy.org\/?page_id=476"},"modified":"2024-09-06T15:12:22","modified_gmt":"2024-09-06T15:12:22","slug":"elementor-476","status":"publish","type":"page","link":"https:\/\/www.mdiy.org\/?page_id=476","title":{"rendered":"Elementor #476"},"content":{"rendered":"\t\t<div data-elementor-type=\"wp-page\" data-elementor-id=\"476\" class=\"elementor elementor-476\" data-elementor-post-type=\"page\">\n\t\t\t\t\t\t<section class=\"elementor-section elementor-top-section elementor-element elementor-element-10908db elementor-section-boxed elementor-section-height-default elementor-section-height-default\" data-id=\"10908db\" data-element_type=\"section\">\n\t\t\t\t\t\t<div class=\"elementor-container elementor-column-gap-default\">\n\t\t\t\t\t<div class=\"elementor-column elementor-col-100 elementor-top-column elementor-element elementor-element-04c849a\" data-id=\"04c849a\" data-element_type=\"column\">\n\t\t\t<div class=\"elementor-widget-wrap elementor-element-populated\">\n\t\t\t\t\t\t<div class=\"elementor-element elementor-element-ba48136 elementor-widget elementor-widget-code-highlight\" data-id=\"ba48136\" data-element_type=\"widget\" data-widget_type=\"code-highlight.default\">\n\t\t\t\t<div class=\"elementor-widget-container\">\n\t\t\t\t\t<div class=\"prismjs-default copy-to-clipboard \">\n\t\t\t<pre data-line=\"\" class=\"highlight-height language-javascript line-numbers\">\n\t\t\t\t<code readonly=\"true\" class=\"language-javascript\">\n\t\t\t\t\t<xmp><!DOCTYPE html>\r\n<html lang=\"fr\">\r\n<head>\r\n    <meta charset=\"viewport\" content=\"width=device-width, initial-scale=1.0\">\r\n    <meta charset=\"UTF-8\">\r\n    <title>Palette de Rouges<\/title>\r\n    <style>\r\n        body {\r\n            font-family: Arial, sans-serif;\r\n        }\r\n        summary {\r\n            font-size: 18px;\r\n            font-weight: bold;\r\n            margin-top: 10px;\r\n        }\r\n        details {\r\n            margin-bottom: 10px;\r\n        }\r\n        ul {\r\n            list-style-type: none;\r\n            padding-left: 0;\r\n        }\r\n        li {\r\n            margin-bottom: 5px;\r\n        }\r\n        .color-box {\r\n            width: 50px;\r\n            height: 25px;\r\n            display: inline-block;\r\n            margin-left: 10px;\r\n            border: 1px solid #000;\r\n            vertical-align: middle;\r\n        }\r\n    <\/style>\r\n    <script>\r\n        function showColor(colorCode, elementId) {\r\n            const colorBox = document.getElementById(elementId);\r\n            colorBox.style.backgroundColor = colorCode;\r\n        }\r\n    <\/script>\r\n<\/head>\r\n<body>\r\n\r\n<h1>Rouge<\/h1>\r\n\r\n<details>\r\n    <summary>Classique<\/summary>\r\n    <ul>\r\n        <li><strong>Cramoisi<\/strong> (#DC143C) : Un rouge vif avec des touches l\u00e9g\u00e8rement fonc\u00e9es. <div id=\"color1\" class=\"color-box\"><\/div> <button onclick=\"showColor('#DC143C', 'color1')\">Voir<\/button><\/li>\r\n        <li><strong>Vermillon<\/strong> (#E34234) : Un rouge brillant et \u00e9clatant. <div id=\"color2\" class=\"color-box\"><\/div> <button onclick=\"showColor('#E34234', 'color2')\">Voir<\/button><\/li>\r\n        <li><strong>Bordeaux<\/strong> (#800020) : Un rouge profond avec des nuances de violet. <div id=\"color3\" class=\"color-box\"><\/div> <button onclick=\"showColor('#800020', 'color3')\">Voir<\/button><\/li>\r\n        <li><strong>\u00c9carlate<\/strong> (#FF2400) : Un rouge brillant et intense. <div id=\"color4\" class=\"color-box\"><\/div> <button onclick=\"showColor('#FF2400', 'color4')\">Voir<\/button><\/li>\r\n        <li><strong>Carmin<\/strong> (#960018) : Un rouge sombre qui \u00e9voque les pigments naturels. <div id=\"color5\" class=\"color-box\"><\/div> <button onclick=\"showColor('#960018', 'color5')\">Voir<\/button><\/li>\r\n        <li><strong>Grenat<\/strong> (#7B1A1A) : Un rouge fonc\u00e9, souvent associ\u00e9 aux pierres pr\u00e9cieuses. <div id=\"color6\" class=\"color-box\"><\/div> <button onclick=\"showColor('#7B1A1A', 'color6')\">Voir<\/button><\/li>\r\n        <li><strong>Rubis<\/strong> (#9B111E) : Un rouge vif rappelant les pierres pr\u00e9cieuses. <div id=\"color7\" class=\"color-box\"><\/div> <button onclick=\"showColor('#9B111E', 'color7')\">Voir<\/button><\/li>\r\n        <li><strong>Tomate<\/strong> (#FF6347) : Une teinte rouge-orang\u00e9e. <div id=\"color8\" class=\"color-box\"><\/div> <button onclick=\"showColor('#FF6347', 'color8')\">Voir<\/button><\/li>\r\n        <li><strong>Sang<\/strong> (#8A0707) : Une nuance rouge tr\u00e8s fonc\u00e9e. <div id=\"color9\" class=\"color-box\"><\/div> <button onclick=\"showColor('#8A0707', 'color9')\">Voir<\/button><\/li>\r\n        <li><strong>Brique<\/strong> (#B22222) : Un rouge fonc\u00e9 avec une l\u00e9g\u00e8re touche de brun. <div id=\"color10\" class=\"color-box\"><\/div> <button onclick=\"showColor('#B22222', 'color10')\">Voir<\/button><\/li>\r\n        <li><strong>Amarante<\/strong> (#E52B50) : Un rouge vif avec des nuances ros\u00e9es. <div id=\"color11\" class=\"color-box\"><\/div> <button onclick=\"showColor('#E52B50', 'color11')\">Voir<\/button><\/li>\r\n        <li><strong>Rouge Coquelicot<\/strong> (#FF3F34) : Un rouge vif et brillant. <div id=\"color12\" class=\"color-box\"><\/div> <button onclick=\"showColor('#FF3F34', 'color12')\">Voir<\/button><\/li>\r\n        <li><strong>Rouge Rubicond<\/strong> (#960018) : Un rouge \u00e9clatant l\u00e9g\u00e8rement plus fonc\u00e9. <div id=\"color13\" class=\"color-box\"><\/div> <button onclick=\"showColor('#960018', 'color13')\">Voir<\/button><\/li>\r\n        <li><strong>Rouge Groseille<\/strong> (#BB0B0B) : Un rouge lumineux et acidul\u00e9. <div id=\"color14\" class=\"color-box\"><\/div> <button onclick=\"showColor('#BB0B0B', 'color14')\">Voir<\/button><\/li>\r\n        <li><strong>Rouge Cardinal<\/strong> (#C41E3A) : Un rouge profond et vibrant. <div id=\"color15\" class=\"color-box\"><\/div> <button onclick=\"showColor('#C41E3A', 'color15')\">Voir<\/button><\/li>\r\n        <li><strong>Rouge Feu<\/strong> (#FF4500) : Un rouge-orang\u00e9 vif. <div id=\"color16\" class=\"color-box\"><\/div> <button onclick=\"showColor('#FF4500', 'color16')\">Voir<\/button><\/li>\r\n        <li><strong>Rouge Terre<\/strong> (#8B0000) : Un rouge fonc\u00e9 avec des nuances de brun. <div id=\"color17\" class=\"color-box\"><\/div> <button onclick=\"showColor('#8B0000', 'color17')\">Voir<\/button><\/li>\r\n        <li><strong>Rouge S\u00e9pia<\/strong> (#9E2A2B) : Un rouge teint\u00e9 de brun. <div id=\"color18\" class=\"color-box\"><\/div> <button onclick=\"showColor('#9E2A2B', 'color18')\">Voir<\/button><\/li>\r\n        <li><strong>Rouge Poussi\u00e9reux<\/strong> (#CD5C5C) : Un rouge att\u00e9nu\u00e9 et terne. <div id=\"color19\" class=\"color-box\"><\/div> <button onclick=\"showColor('#CD5C5C', 'color19')\">Voir<\/button><\/li>\r\n        <li><strong>Rouge Antique<\/strong> (#A52A2A) : Un rouge brun\u00e2tre et fonc\u00e9. <div id=\"color20\" class=\"color-box\"><\/div> <button onclick=\"showColor('#A52A2A', 'color20')\">Voir<\/button><\/li>\r\n    <\/ul>\r\n<\/details>\r\n\r\n<details>\r\n    <summary>Vintage<\/summary>\r\n    <ul>\r\n        <li><strong>Rouge Brique Vintage<\/strong> (#A52A2A) : Un rouge fonc\u00e9 inspir\u00e9 des briques anciennes. <div id=\"color21\" class=\"color-box\"><\/div> <button onclick=\"showColor('#A52A2A', 'color21')\">Voir<\/button><\/li>\r\n        <li><strong>Rouge Terre Vintage<\/strong> (#B84A39) : Un rouge avec des nuances de brun. <div id=\"color22\" class=\"color-box\"><\/div> <button onclick=\"showColor('#B84A39', 'color22')\">Voir<\/button><\/li>\r\n        <li><strong>Rouge Marron Vintage<\/strong> (#7E4A3B) : Un rouge sombre et l\u00e9g\u00e8rement brun. <div id=\"color23\" class=\"color-box\"><\/div> <button onclick=\"showColor('#7E4A3B', 'color23')\">Voir<\/button><\/li>\r\n        <li><strong>Rouge S\u00e9pia Vintage<\/strong> (#9E2A2B) : Un rouge att\u00e9nu\u00e9 avec des nuances s\u00e9pia. <div id=\"color24\" class=\"color-box\"><\/div> <button onclick=\"showColor('#9E2A2B', 'color24')\">Voir<\/button><\/li>\r\n        <li><strong>Rouge Sombre Vintage<\/strong> (#8B0000) : Un rouge profond et fonc\u00e9. <div id=\"color25\" class=\"color-box\"><\/div> <button onclick=\"showColor('#8B0000', 'color25')\">Voir<\/button><\/li>\r\n        <li><strong>Rouge Rouille Vintage<\/strong> (#B22222) : Un rouge qui tire sur le brun, rappelant la rouille. <div id=\"color26\" class=\"color-box\"><\/div> <button onclick=\"showColor('#B22222', 'color26')\">Voir<\/button><\/li>\r\n        <li><strong>Rouge Poussi\u00e9reux Vintage<\/strong> (#CD5C5C) : Un rouge l\u00e9g\u00e8rement fan\u00e9 et poussi\u00e9reux. <div id=\"color27\" class=\"color-box\"><\/div> <button onclick=\"showColor('#CD5C5C', 'color27')\">Voir<\/button><\/li>\r\n        <li><strong>Rouge Sang Vintage<\/strong> (#BC3F38) : Un rouge fonc\u00e9 et profond. <div id=\"color28\" class=\"color-box\"><\/div> <button onclick=\"showColor('#BC3F38', 'color28')\">Voir<\/button><\/li>\r\n    <\/ul>\r\n<\/details>\r\n\r\n<details>\r\n    <summary>Historique<\/summary>\r\n    <ul>\r\n        <li><strong>Cramoisi<\/strong> (#DC143C) : Rouge vif et puissant. <div id=\"color29\" class=\"color-box\"><\/div> <button onclick=\"showColor('#DC143C', 'color29')\">Voir<\/button><\/li>\r\n        <li><strong>\u00c9carlate<\/strong> (#FF2400) : Un rouge flamboyant et vibrant. <div id=\"color30\" class=\"color-box\"><\/div> <button onclick=\"showColor('#FF2400', 'color30')\">Voir<\/button><\/li>\r\n        <li><strong>Amarante<\/strong> (#E52B50) : Une teinte florale. <div id=\"color31\" class=\"color-box\"><\/div> <button onclick=\"showColor('#E52B50', 'color31')\">Voir<\/button><\/li>\r\n        <li><strong>Rouge Cardinal<\/strong> (#C41E3A) : Une couleur associ\u00e9e \u00e0 l'\u00c9glise catholique. <div id=\"color32\" class=\"color-box\"><\/div> <button onclick=\"showColor('#C41E3A', 'color32')\">Voir<\/button><\/li>\r\n        <li><strong>Rouge Groseille<\/strong> (#BB0B0B) : Un rouge brillant et l\u00e9g\u00e8rement acide. <div id=\"color33\" class=\"color-box\"><\/div> <button onclick=\"showColor('#BB0B0B', 'color33')\">Voir<\/button><\/li>\r\n        <li><strong>Rouge Rubis<\/strong> (#9B111E) : Utilis\u00e9 historiquement pour symboliser la royaut\u00e9. <div id=\"color34\" class=\"color-box\"><\/div> <button onclick=\"showColor('#9B111E', 'color34')\">Voir<\/button><\/li>\r\n        <li><strong>Rouge Grenat<\/strong> (#941515) : Un rouge profond et riche. <div id=\"color35\" class=\"color-box\"><\/div> <button onclick=\"showColor('#941515', 'color35')\">Voir<\/button><\/li>\r\n        <li><strong>Rouge Sang<\/strong> (#8A0707) : Couleur associ\u00e9e aux batailles. <div id=\"color36\" class=\"color-box\"><\/div> <button onclick=\"showColor('#8A0707', 'color36')\">Voir<\/button><\/li>\r\n    <\/ul>\r\n<\/details>\r\n\r\n<details>\r\n    <summary>Manga<\/summary>\r\n    <ul>\r\n        <li><strong>Rouge Sakura<\/strong> (#FF4D4D) : Un rouge vif inspir\u00e9 des fleurs de cerisier. <div id=\"color37\" class=\"color-box\"><\/div> <button onclick=\"showColor('#FF4D4D', 'color37')\">Voir<\/button><\/li>\r\n        <li><strong>Rouge Kirsch<\/strong> (#FF3333) : Un rouge intense et brillant. <div id=\"color38\" class=\"color-box\"><\/div> <button onclick=\"showColor('#FF3333', 'color38')\">Voir<\/button><\/li>\r\n        <li><strong>Rouge Cerise<\/strong> (#E60000) : Un rouge vif et gourmand. <div id=\"color39\" class=\"color-box\"><\/div> <button onclick=\"showColor('#E60000', 'color39')\">Voir<\/button><\/li>\r\n        <li><strong>Rouge Vin<\/strong> (#990000) : Une teinte sombre et riche. <div id=\"color40\" class=\"color-box\"><\/div> <button onclick=\"showColor('#990000', 'color40')\">Voir<\/button><\/li>\r\n        <li><strong>Rouge P\u00e2le<\/strong> (#FFA8A8) : Un rouge att\u00e9nu\u00e9. <div id=\"color41\" class=\"color-box\"><\/div> <button onclick=\"showColor('#FFA8A8', 'color41')\">Voir<\/button><\/li>\r\n        <li><strong>Rouge Pastel<\/strong> (#FFD1D1) : Un rouge tr\u00e8s doux. <div id=\"color42\" class=\"color-box\"><\/div> <button onclick=\"showColor('#FFD1D1', 'color42')\">Voir<\/button><\/li>\r\n        <li><strong>Rouge N\u00e9on<\/strong> (#FF0033) : Un rouge \u00e9clatant et vif. <div id=\"color43\" class=\"color-box\"><\/div> <button onclick=\"showColor('#FF0033', 'color43')\">Voir<\/button><\/li>\r\n        <li><strong>Rouge Carmin Manga<\/strong> (#960018) : Une teinte sombre et velout\u00e9e. <div id=\"color44\" class=\"color-box\"><\/div> <button onclick=\"showColor('#960018', 'color44')\">Voir<\/button><\/li>\r\n        <li><strong>Rouge Feu<\/strong> (#FF4500) : Symbolise la puissance ou la rage. <div id=\"color45\" class=\"color-box\"><\/div> <button onclick=\"showColor('#FF4500', 'color45')\">Voir<\/button><\/li>\r\n        <li><strong>Rouge Tomate Manga<\/strong> (#FF6347) : Teinte plus claire. <div id=\"color46\" class=\"color-box\"><\/div> <button onclick=\"showColor('#FF6347', 'color46')\">Voir<\/button><\/li>\r\n        <li><strong>Rouge Sombre<\/strong> (#8B0000) : Une couleur sombre pour moments de suspense. <div id=\"color47\" class=\"color-box\"><\/div> <button onclick=\"showColor('#8B0000', 'color47')\">Voir<\/button><\/li>\r\n        <li><strong>Rouge Grenat<\/strong> (#7B1A1A) : Utilis\u00e9 pour les tenues formelles. <div id=\"color48\" class=\"color-box\"><\/div> <button onclick=\"showColor('#7B1A1A', 'color48')\">Voir<\/button><\/li>\r\n        <li><strong>Rouge Passion<\/strong> (#FF2400) : Utilis\u00e9 pour les sc\u00e8nes amoureuses. <div id=\"color49\" class=\"color-box\"><\/div> <button onclick=\"showColor('#FF2400', 'color49')\">Voir<\/button><\/li>\r\n        <li><strong>Rouge \u00c9carlate<\/strong> (#FF2400) : Pour les sc\u00e8nes d\u2019action. <div id=\"color50\" class=\"color-box\"><\/div> <button onclick=\"showColor('#FF2400', 'color50')\">Voir<\/button><\/li>\r\n        <li><strong>Rouge Vif<\/strong> (#FF0000) : Utilis\u00e9 dans les moments critiques. <div id=\"color51\" class=\"color-box\"><\/div> <button onclick=\"showColor('#FF0000', 'color51')\">Voir<\/button><\/li>\r\n        <li><strong>Rouge Amarante Manga<\/strong> (#E52B50) : Couleur \u00e9l\u00e9gante. <div id=\"color52\" class=\"color-box\"><\/div> <button onclick=\"showColor('#E52B50', 'color52')\">Voir<\/button><\/li>\r\n        <li><strong>Rouge Groseille Manga<\/strong> (#BB0B0B) : Ton acidul\u00e9. <div id=\"color53\" class=\"color-box\"><\/div> <button onclick=\"showColor('#BB0B0B', 'color53')\">Voir<\/button><\/li>\r\n        <li><strong>Rouge Sang Manga<\/strong> (#8A0707) : Pour les sc\u00e8nes dramatiques. <div id=\"color54\" class=\"color-box\"><\/div> <button onclick=\"showColor('#8A0707', 'color54')\">Voir<\/button><\/li>\r\n        <li><strong>Rouge Antique Manga<\/strong> (#A52A2A) : Teinte associ\u00e9e aux personnages traditionnels. <div id=\"color55\" class=\"color-box\"><\/div> <button onclick=\"showColor('#A52A2A', 'color55')\">Voir<\/button><\/li>\r\n        <li><strong>Rouge Romantique Manga<\/strong> (#FF3F34) : Utilis\u00e9 pour exprimer l\u2019amour. <div id=\"color56\" class=\"color-box\"><\/div> <button onclick=\"showColor('#FF3F34', 'color56')\">Voir<\/button><\/li>\r\n    <\/ul>\r\n<\/details>\r\n\r\n<details>\r\n    <summary>Pastel<\/summary>\r\n    <ul>\r\n        <li><strong>Rouge P\u00e2le<\/strong> (#FFA8A8) : Un rouge clair, adouci. <div id=\"color57\" class=\"color-box\"><\/div> <button onclick=\"showColor('#FFA8A8', 'color57')\">Voir<\/button><\/li>\r\n        <li><strong>Rouge Pastel<\/strong> (#FFD1D1) : Une nuance tr\u00e8s douce. <div id=\"color58\" class=\"color-box\"><\/div> <button onclick=\"showColor('#FFD1D1', 'color58')\">Voir<\/button><\/li>\r\n        <li><strong>Rouge Doux<\/strong> (#FFB3B3) : Un rouge l\u00e9ger. <div id=\"color59\" class=\"color-box\"><\/div> <button onclick=\"showColor('#FFB3B3', 'color59')\">Voir<\/button><\/li>\r\n        <li><strong>Rose Corail<\/strong> (#FF7F7F) : Un m\u00e9lange doux entre le rouge et le rose. <div id=\"color60\" class=\"color-box\"><\/div> <button onclick=\"showColor('#FF7F7F', 'color60')\">Voir<\/button><\/li>\r\n        <li><strong>Rose Pastel<\/strong> (#FF9999) : Une nuance l\u00e9g\u00e8re de rose. <div id=\"color61\" class=\"color-box\"><\/div> <button onclick=\"showColor('#FF9999', 'color61')\">Voir<\/button><\/li>\r\n        <li><strong>Rouge Ros\u00e9<\/strong> (#FFCCCC) : Un rouge tr\u00e8s clair. <div id=\"color62\" class=\"color-box\"><\/div> <button onclick=\"showColor('#FFCCCC', 'color62')\">Voir<\/button><\/li>\r\n        <li><strong>Rouge L\u00e9g\u00e8rement P\u00e2le<\/strong> (#FFC0CB) : Proche du rose. <div id=\"color63\" class=\"color-box\"><\/div> <button onclick=\"showColor('#FFC0CB', 'color63')\">Voir<\/button><\/li>\r\n        <li><strong>Rose Clair<\/strong> (#FFCBCB) : Une teinte douce et pastel. <div id=\"color64\" class=\"color-box\"><\/div> <button onclick=\"showColor('#FFCBCB', 'color64')\">Voir<\/button><\/li>\r\n    <\/ul>\r\n<\/details>\r\n\r\n<details>\r\n    <summary>Jeux Vid\u00e9o<\/summary>\r\n    <ul>\r\n        <li><strong>Rouge Pixel<\/strong> (#FF1A1A) : Un rouge vif et net. <div id=\"color65\" class=\"color-box\"><\/div> <button onclick=\"showColor('#FF1A1A', 'color65')\">Voir<\/button><\/li>\r\n        <li><strong>Rouge Sanguin<\/strong> (#990000) : Un rouge sombre. <div id=\"color66\" class=\"color-box\"><\/div> <button onclick=\"showColor('#990000', 'color66')\">Voir<\/button><\/li>\r\n        <li><strong>Rouge Laser<\/strong> (#FF4D4D) : Un rouge \u00e9clatant. <div id=\"color67\" class=\"color-box\"><\/div> <button onclick=\"showColor('#FF4D4D', 'color67')\">Voir<\/button><\/li>\r\n        <li><strong>Rouge N\u00e9on<\/strong> (#FF0033) : Un rouge lumineux. <div id=\"color68\" class=\"color-box\"><\/div> <button onclick=\"showColor('#FF0033', 'color68')\">Voir<\/button><\/li>\r\n        <li><strong>Rouge Magma<\/strong> (#B22222) : Utilis\u00e9 pour repr\u00e9senter la lave. <div id=\"color69\" class=\"color-box\"><\/div> <button onclick=\"showColor('#B22222', 'color69')\">Voir<\/button><\/li>\r\n        <li><strong>Rouge Explosion<\/strong> (#FF5733) : Un rouge-orang\u00e9 symbolisant les explosions. <div id=\"color70\" class=\"color-box\"><\/div> <button onclick=\"showColor('#FF5733', 'color70')\">Voir<\/button><\/li>\r\n        <li><strong>Rouge Sant\u00e9<\/strong> (#FF6666) : Teinte pour repr\u00e9senter la barre de vie. <div id=\"color71\" class=\"color-box\"><\/div> <button onclick=\"showColor('#FF6666', 'color71')\">Voir<\/button><\/li>\r\n        <li><strong>Rouge Feu<\/strong> (#FF4500) : Utilis\u00e9 pour des effets d\u2019action rapide. <div id=\"color72\" class=\"color-box\"><\/div> <button onclick=\"showColor('#FF4500', 'color72')\">Voir<\/button><\/li>\r\n    <\/ul>\r\n<\/details>\r\n\r\n<details>\r\n    <summary>Militaire<\/summary>\r\n    <ul>\r\n        <li><strong>Rouge Militaire Fonc\u00e9<\/strong> (#7A1F1F) : Un rouge profond pour les uniformes. <div id=\"color73\" class=\"color-box\"><\/div> <button onclick=\"showColor('#7A1F1F', 'color73')\">Voir<\/button><\/li>\r\n        <li><strong>Rouge Rouille Militaire<\/strong> (#8B3E2F) : Une couleur us\u00e9e rappelant les vieux \u00e9quipements militaires. <div id=\"color74\" class=\"color-box\"><\/div> <button onclick=\"showColor('#8B3E2F', 'color74')\">Voir<\/button><\/li>\r\n        <li><strong>Rouge Brique Militaire<\/strong> (#A52A2A) : Teinte \u00e9voquant la robustesse militaire. <div id=\"color75\" class=\"color-box\"><\/div> <button onclick=\"showColor('#A52A2A', 'color75')\">Voir<\/button><\/li>\r\n        <li><strong>Rouge Sombre Militaire<\/strong> (#661919) : Un rouge fonc\u00e9 pour les \u00e9quipements de terrain. <div id=\"color76\" class=\"color-box\"><\/div> <button onclick=\"showColor('#661919', 'color76')\">Voir<\/button><\/li>\r\n        <li><strong>Rouge Terre Militaire<\/strong> (#8A3324) : Un rouge terreux pour le camouflage. <div id=\"color77\" class=\"color-box\"><\/div> <button onclick=\"showColor('#8A3324', 'color77')\">Voir<\/button><\/li>\r\n        <li><strong>Rouge Marron Militaire<\/strong> (#5C2C1D) : Un rouge tr\u00e8s sombre, presque brun. <div id=\"color78\" class=\"color-box\"><\/div> <button onclick=\"showColor('#5C2C1D', 'color78')\">Voir<\/button><\/li>\r\n        <li><strong>Rouge Oxyd\u00e9 Militaire<\/strong> (#964B00) : Une teinte rouge-brun rappelant la rouille. <div id=\"color79\" class=\"color-box\"><\/div> <button onclick=\"showColor('#964B00', 'color79')\">Voir<\/button><\/li>\r\n        <li><strong>Rouge Sang Militaire<\/strong> (#7C0A02) : Un rouge fonc\u00e9 \u00e9voquant la bataille. <div id=\"color80\" class=\"color-box\"><\/div> <button onclick=\"showColor('#7C0A02', 'color80')\">Voir<\/button><\/li>\r\n    <\/ul>\r\n<\/details>\r\n\r\n<details>\r\n    <summary>Fluo<\/summary>\r\n    <ul>\r\n        <li><strong>Rouge N\u00e9on<\/strong> (#FF0033) : Un rouge tr\u00e8s lumineux et \u00e9clatant. <div id=\"color81\" class=\"color-box\"><\/div> <button onclick=\"showColor('#FF0033', 'color81')\">Voir<\/button><\/li>\r\n        <li><strong>Rouge Fluo Clair<\/strong> (#FF3366) : Un rouge avec des nuances ros\u00e9es. <div id=\"color82\" class=\"color-box\"><\/div> <button onclick=\"showColor('#FF3366', 'color82')\">Voir<\/button><\/li>\r\n        <li><strong>Rouge Fluo Intense<\/strong> (#FF1A1A) : Un rouge profond et brillant. <div id=\"color83\" class=\"color-box\"><\/div> <button onclick=\"showColor('#FF1A1A', 'color83')\">Voir<\/button><\/li>\r\n        <li><strong>Rouge Fluo \u00c9lectrique<\/strong> (#FF2400) : Un rouge vibrant. <div id=\"color84\" class=\"color-box\"><\/div> <button onclick=\"showColor('#FF2400', 'color84')\">Voir<\/button><\/li>\r\n        <li><strong>Rouge Fluo Brillant<\/strong> (#FF5E57) : Un rouge vif. <div id=\"color85\" class=\"color-box\"><\/div> <button onclick=\"showColor('#FF5E57', 'color85')\">Voir<\/button><\/li>\r\n        <li><strong>Rouge Fluo Profond<\/strong> (#FF2200) : Un rouge riche et satur\u00e9. <div id=\"color86\" class=\"color-box\"><\/div> <button onclick=\"showColor('#FF2200', 'color86')\">Voir<\/button><\/li>\r\n        <li><strong>Rouge Fluo Rose<\/strong> (#FF3366) : Une teinte entre le rouge et le rose. <div id=\"color87\" class=\"color-box\"><\/div> <button onclick=\"showColor('#FF3366', 'color87')\">Voir<\/button><\/li>\r\n        <li><strong>Rouge Fluo P\u00e2le<\/strong> (#FF6666) : Une teinte plus douce. <div id=\"color88\" class=\"color-box\"><\/div> <button onclick=\"showColor('#FF6666', 'color88')\">Voir<\/button><\/li>\r\n    <\/ul>\r\n<\/details>\r\n\r\n<\/body>\r\n<\/html>\r\n<\/xmp>\n\t\t\t\t<\/code>\n\t\t\t<\/pre>\n\t\t<\/div>\n\t\t\t\t<\/div>\n\t\t\t\t<\/div>\n\t\t\t\t\t<\/div>\n\t\t<\/div>\n\t\t\t\t\t<\/div>\n\t\t<\/section>\n\t\t\t\t<\/div>\n\t\t","protected":false},"excerpt":{"rendered":"<p>Palette de Rouges Rouge Classique Cramoisi (#DC143C) : Un rouge vif avec des touches l\u00e9g\u00e8rement fonc\u00e9es. Voir Vermillon (#E34234) : Un rouge brillant et \u00e9clatant. Voir Bordeaux (#800020) : Un rouge profond avec des nuances de violet. Voir \u00c9carlate (#FF2400) : Un rouge brillant et intense. Voir Carmin (#960018) : Un rouge sombre qui \u00e9voque [&hellip;]<\/p>\n","protected":false},"author":2,"featured_media":0,"parent":0,"menu_order":0,"comment_status":"closed","ping_status":"closed","template":"","meta":{"ocean_post_layout":"","ocean_both_sidebars_style":"","ocean_both_sidebars_content_width":0,"ocean_both_sidebars_sidebars_width":0,"ocean_sidebar":"","ocean_second_sidebar":"","ocean_disable_margins":"enable","ocean_add_body_class":"","ocean_shortcode_before_top_bar":"","ocean_shortcode_after_top_bar":"","ocean_shortcode_before_header":"","ocean_shortcode_after_header":"","ocean_has_shortcode":"","ocean_shortcode_after_title":"","ocean_shortcode_before_footer_widgets":"","ocean_shortcode_after_footer_widgets":"","ocean_shortcode_before_footer_bottom":"","ocean_shortcode_after_footer_bottom":"","ocean_display_top_bar":"default","ocean_display_header":"default","ocean_header_style":"","ocean_center_header_left_menu":"","ocean_custom_header_template":"","ocean_custom_logo":0,"ocean_custom_retina_logo":0,"ocean_custom_logo_max_width":0,"ocean_custom_logo_tablet_max_width":0,"ocean_custom_logo_mobile_max_width":0,"ocean_custom_logo_max_height":0,"ocean_custom_logo_tablet_max_height":0,"ocean_custom_logo_mobile_max_height":0,"ocean_header_custom_menu":"","ocean_menu_typo_font_family":"","ocean_menu_typo_font_subset":"","ocean_menu_typo_font_size":0,"ocean_menu_typo_font_size_tablet":0,"ocean_menu_typo_font_size_mobile":0,"ocean_menu_typo_font_size_unit":"px","ocean_menu_typo_font_weight":"","ocean_menu_typo_font_weight_tablet":"","ocean_menu_typo_font_weight_mobile":"","ocean_menu_typo_transform":"","ocean_menu_typo_transform_tablet":"","ocean_menu_typo_transform_mobile":"","ocean_menu_typo_line_height":0,"ocean_menu_typo_line_height_tablet":0,"ocean_menu_typo_line_height_mobile":0,"ocean_menu_typo_line_height_unit":"","ocean_menu_typo_spacing":0,"ocean_menu_typo_spacing_tablet":0,"ocean_menu_typo_spacing_mobile":0,"ocean_menu_typo_spacing_unit":"","ocean_menu_link_color":"","ocean_menu_link_color_hover":"","ocean_menu_link_color_active":"","ocean_menu_link_background":"","ocean_menu_link_hover_background":"","ocean_menu_link_active_background":"","ocean_menu_social_links_bg":"","ocean_menu_social_hover_links_bg":"","ocean_menu_social_links_color":"","ocean_menu_social_hover_links_color":"","ocean_disable_title":"default","ocean_disable_heading":"default","ocean_post_title":"","ocean_post_subheading":"","ocean_post_title_style":"","ocean_post_title_background_color":"","ocean_post_title_background":0,"ocean_post_title_bg_image_position":"","ocean_post_title_bg_image_attachment":"","ocean_post_title_bg_image_repeat":"","ocean_post_title_bg_image_size":"","ocean_post_title_height":0,"ocean_post_title_bg_overlay":0.5,"ocean_post_title_bg_overlay_color":"","ocean_disable_breadcrumbs":"default","ocean_breadcrumbs_color":"","ocean_breadcrumbs_separator_color":"","ocean_breadcrumbs_links_color":"","ocean_breadcrumbs_links_hover_color":"","ocean_display_footer_widgets":"default","ocean_display_footer_bottom":"default","ocean_custom_footer_template":"","footnotes":""},"class_list":["post-476","page","type-page","status-publish","hentry","entry"],"_links":{"self":[{"href":"https:\/\/www.mdiy.org\/index.php?rest_route=\/wp\/v2\/pages\/476","targetHints":{"allow":["GET"]}}],"collection":[{"href":"https:\/\/www.mdiy.org\/index.php?rest_route=\/wp\/v2\/pages"}],"about":[{"href":"https:\/\/www.mdiy.org\/index.php?rest_route=\/wp\/v2\/types\/page"}],"author":[{"embeddable":true,"href":"https:\/\/www.mdiy.org\/index.php?rest_route=\/wp\/v2\/users\/2"}],"replies":[{"embeddable":true,"href":"https:\/\/www.mdiy.org\/index.php?rest_route=%2Fwp%2Fv2%2Fcomments&post=476"}],"version-history":[{"count":5,"href":"https:\/\/www.mdiy.org\/index.php?rest_route=\/wp\/v2\/pages\/476\/revisions"}],"predecessor-version":[{"id":502,"href":"https:\/\/www.mdiy.org\/index.php?rest_route=\/wp\/v2\/pages\/476\/revisions\/502"}],"wp:attachment":[{"href":"https:\/\/www.mdiy.org\/index.php?rest_route=%2Fwp%2Fv2%2Fmedia&parent=476"}],"curies":[{"name":"wp","href":"https:\/\/api.w.org\/{rel}","templated":true}]}}