{"id":2211,"date":"2025-03-20T09:32:22","date_gmt":"2025-03-20T09:32:22","guid":{"rendered":"https:\/\/www.mdiy.org\/?page_id=2211"},"modified":"2025-05-12T10:14:06","modified_gmt":"2025-05-12T10:14:06","slug":"cree-avec-passion-upcycle-avec-raison","status":"publish","type":"page","link":"https:\/\/www.mdiy.org\/?page_id=2211","title":{"rendered":"Cr\u00e9\u00e9 avec passion, upcycl\u00e9 avec raison"},"content":{"rendered":"\t\t<div data-elementor-type=\"wp-page\" data-elementor-id=\"2211\" class=\"elementor elementor-2211\" data-elementor-post-type=\"page\">\n\t\t\t\t\t\t<section class=\"elementor-section elementor-top-section elementor-element elementor-element-f0cd57b elementor-section-boxed elementor-section-height-default elementor-section-height-default\" data-id=\"f0cd57b\" data-element_type=\"section\">\n\t\t\t\t\t\t<div class=\"elementor-container elementor-column-gap-default\">\n\t\t\t\t\t<div class=\"elementor-column elementor-col-100 elementor-top-column elementor-element elementor-element-069b125\" data-id=\"069b125\" data-element_type=\"column\">\n\t\t\t<div class=\"elementor-widget-wrap elementor-element-populated\">\n\t\t\t\t\t\t<div class=\"elementor-element elementor-element-f3c0a4a elementor-widget__width-initial elementor-widget elementor-widget-text-editor\" data-id=\"f3c0a4a\" data-element_type=\"widget\" data-widget_type=\"text-editor.default\">\n\t\t\t\t<div class=\"elementor-widget-container\">\n\t\t\t\t\t\t\t<h4 style=\"text-align: left;\">Si vous voyez ce logo, sachez qu&rsquo;il provient de notre atelier d&rsquo;upcycling \u00e0 Ivry-sur-Seine, avec plus de 80 % de mat\u00e9riaux recycl\u00e9s du territoire garantis, contribuant ainsi \u00e0 la r\u00e9duction de l&rsquo;impact environnemental. Pour des raisons de conformit\u00e9, il peut contenir des pi\u00e8ces neuves.<\/h4>\t\t\t\t\t\t<\/div>\n\t\t\t\t<\/div>\n\t\t\t\t\t<\/div>\n\t\t<\/div>\n\t\t\t\t\t<\/div>\n\t\t<\/section>\n\t\t\t\t<section class=\"elementor-section elementor-top-section elementor-element elementor-element-9e0c7e5 elementor-section-boxed elementor-section-height-default elementor-section-height-default\" data-id=\"9e0c7e5\" data-element_type=\"section\">\n\t\t\t\t\t\t<div class=\"elementor-container elementor-column-gap-default\">\n\t\t\t\t\t<div class=\"elementor-column elementor-col-100 elementor-top-column elementor-element elementor-element-2674cf1\" data-id=\"2674cf1\" data-element_type=\"column\">\n\t\t\t<div class=\"elementor-widget-wrap elementor-element-populated\">\n\t\t\t\t\t\t<div class=\"elementor-element elementor-element-4c8c6e4 elementor-widget elementor-widget-image\" data-id=\"4c8c6e4\" data-element_type=\"widget\" data-widget_type=\"image.default\">\n\t\t\t\t<div class=\"elementor-widget-container\">\n\t\t\t\t\t\t\t\t\t\t\t\t\t<img fetchpriority=\"high\" decoding=\"async\" width=\"724\" height=\"1024\" src=\"https:\/\/www.mdiy.org\/wp-content\/uploads\/2025\/03\/mdiy-cree-avec-passion-web-724x1024.png\" class=\"attachment-large size-large wp-image-2219\" alt=\"\" srcset=\"https:\/\/www.mdiy.org\/wp-content\/uploads\/2025\/03\/mdiy-cree-avec-passion-web-724x1024.png 724w, https:\/\/www.mdiy.org\/wp-content\/uploads\/2025\/03\/mdiy-cree-avec-passion-web-212x300.png 212w, https:\/\/www.mdiy.org\/wp-content\/uploads\/2025\/03\/mdiy-cree-avec-passion-web-768x1086.png 768w, https:\/\/www.mdiy.org\/wp-content\/uploads\/2025\/03\/mdiy-cree-avec-passion-web.png 794w\" sizes=\"(max-width: 724px) 100vw, 724px\" \/>\t\t\t\t\t\t\t\t\t\t\t\t\t<\/div>\n\t\t\t\t<\/div>\n\t\t\t\t\t<\/div>\n\t\t<\/div>\n\t\t\t\t\t<\/div>\n\t\t<\/section>\n\t\t\t\t<section class=\"elementor-section elementor-top-section elementor-element elementor-element-ab39fd7 elementor-section-boxed elementor-section-height-default elementor-section-height-default\" data-id=\"ab39fd7\" data-element_type=\"section\">\n\t\t\t\t\t\t<div class=\"elementor-container elementor-column-gap-default\">\n\t\t\t\t\t<div class=\"elementor-column elementor-col-100 elementor-top-column elementor-element elementor-element-cd75b46\" data-id=\"cd75b46\" data-element_type=\"column\">\n\t\t\t<div class=\"elementor-widget-wrap elementor-element-populated\">\n\t\t\t\t\t\t<div class=\"elementor-element elementor-element-995bd07 elementor-widget elementor-widget-heading\" data-id=\"995bd07\" data-element_type=\"widget\" data-widget_type=\"heading.default\">\n\t\t\t\t<div class=\"elementor-widget-container\">\n\t\t\t<h2 class=\"elementor-heading-title elementor-size-default\">Liste des ressourceries partenaires et boutiques solidaires<\/h2>\t\t<\/div>\n\t\t\t\t<\/div>\n\t\t\t\t\t<\/div>\n\t\t<\/div>\n\t\t\t\t\t<\/div>\n\t\t<\/section>\n\t\t\t\t<section class=\"elementor-section elementor-top-section elementor-element elementor-element-f6410a0 elementor-section-boxed elementor-section-height-default elementor-section-height-default\" data-id=\"f6410a0\" data-element_type=\"section\">\n\t\t\t\t\t\t<div class=\"elementor-container elementor-column-gap-default\">\n\t\t\t\t\t<div class=\"elementor-column elementor-col-100 elementor-top-column elementor-element elementor-element-a2838eb\" data-id=\"a2838eb\" data-element_type=\"column\">\n\t\t\t<div class=\"elementor-widget-wrap elementor-element-populated\">\n\t\t\t\t\t\t<div class=\"elementor-element elementor-element-4c5c90a elementor-align-center elementor-widget elementor-widget-button\" data-id=\"4c5c90a\" data-element_type=\"widget\" data-widget_type=\"button.default\">\n\t\t\t\t<div class=\"elementor-widget-container\">\n\t\t\t\t\t<div class=\"elementor-button-wrapper\">\n\t\t\t<a class=\"elementor-button elementor-button-link elementor-size-sm\" href=\"https:\/\/budgetparticipatif.smartidf.services\/project\/bp6\/collect\/depot\/proposals\/fablab-en-pagaille\" target=\"_blank\">\n\t\t\t\t\t\t<span class=\"elementor-button-content-wrapper\">\n\t\t\t\t\t\t\t\t\t<span class=\"elementor-button-text\">La Pagaille Recyclerie :&nbsp;Nos ex voisins et faux partenaires dans une r\u00e9flexion pour am\u00e9liorer les choses<\/span>\n\t\t\t\t\t<\/span>\n\t\t\t\t\t<\/a>\n\t\t<\/div>\n\t\t\t\t<\/div>\n\t\t\t\t<\/div>\n\t\t\t\t\t<\/div>\n\t\t<\/div>\n\t\t\t\t\t<\/div>\n\t\t<\/section>\n\t\t\t\t<section class=\"elementor-section elementor-top-section elementor-element elementor-element-0634f00 elementor-section-boxed elementor-section-height-default elementor-section-height-default\" data-id=\"0634f00\" data-element_type=\"section\">\n\t\t\t\t\t\t<div class=\"elementor-container elementor-column-gap-default\">\n\t\t\t\t\t<div class=\"elementor-column elementor-col-100 elementor-top-column elementor-element elementor-element-7408e3a\" data-id=\"7408e3a\" data-element_type=\"column\">\n\t\t\t<div class=\"elementor-widget-wrap elementor-element-populated\">\n\t\t\t\t\t\t<div class=\"elementor-element elementor-element-a36c28b elementor-widget elementor-widget-image\" data-id=\"a36c28b\" data-element_type=\"widget\" data-widget_type=\"image.default\">\n\t\t\t\t<div class=\"elementor-widget-container\">\n\t\t\t\t\t\t\t\t\t\t\t\t\t<img decoding=\"async\" width=\"1024\" height=\"880\" src=\"https:\/\/www.mdiy.org\/wp-content\/uploads\/2025\/04\/openart-image_HZR1Z_u7_1744925034103_raw.jpg\" class=\"attachment-large size-large wp-image-3129\" alt=\"\" srcset=\"https:\/\/www.mdiy.org\/wp-content\/uploads\/2025\/04\/openart-image_HZR1Z_u7_1744925034103_raw.jpg 1024w, https:\/\/www.mdiy.org\/wp-content\/uploads\/2025\/04\/openart-image_HZR1Z_u7_1744925034103_raw-300x258.jpg 300w, https:\/\/www.mdiy.org\/wp-content\/uploads\/2025\/04\/openart-image_HZR1Z_u7_1744925034103_raw-768x660.jpg 768w\" sizes=\"(max-width: 1024px) 100vw, 1024px\" \/>\t\t\t\t\t\t\t\t\t\t\t\t\t<\/div>\n\t\t\t\t<\/div>\n\t\t\t\t\t<\/div>\n\t\t<\/div>\n\t\t\t\t\t<\/div>\n\t\t<\/section>\n\t\t\t\t<\/div>\n\t\t","protected":false},"excerpt":{"rendered":"<p>Si vous voyez ce logo, sachez qu&rsquo;il provient de notre atelier d&rsquo;upcycling \u00e0 Ivry-sur-Seine, avec plus de 80 % de mat\u00e9riaux recycl\u00e9s du territoire garantis, contribuant ainsi \u00e0 la r\u00e9duction de l&rsquo;impact environnemental. Pour des raisons de conformit\u00e9, il peut contenir des pi\u00e8ces neuves. Liste des ressourceries partenaires et boutiques solidaires La Pagaille Recyclerie :&nbsp;Nos [&hellip;]<\/p>\n","protected":false},"author":2,"featured_media":0,"parent":0,"menu_order":0,"comment_status":"closed","ping_status":"closed","template":"elementor_header_footer","meta":{"ocean_post_layout":"","ocean_both_sidebars_style":"","ocean_both_sidebars_content_width":0,"ocean_both_sidebars_sidebars_width":0,"ocean_sidebar":"","ocean_second_sidebar":"","ocean_disable_margins":"enable","ocean_add_body_class":"","ocean_shortcode_before_top_bar":"","ocean_shortcode_after_top_bar":"","ocean_shortcode_before_header":"","ocean_shortcode_after_header":"","ocean_has_shortcode":"","ocean_shortcode_after_title":"","ocean_shortcode_before_footer_widgets":"","ocean_shortcode_after_footer_widgets":"","ocean_shortcode_before_footer_bottom":"","ocean_shortcode_after_footer_bottom":"","ocean_display_top_bar":"default","ocean_display_header":"default","ocean_header_style":"","ocean_center_header_left_menu":"","ocean_custom_header_template":"","ocean_custom_logo":0,"ocean_custom_retina_logo":0,"ocean_custom_logo_max_width":0,"ocean_custom_logo_tablet_max_width":0,"ocean_custom_logo_mobile_max_width":0,"ocean_custom_logo_max_height":0,"ocean_custom_logo_tablet_max_height":0,"ocean_custom_logo_mobile_max_height":0,"ocean_header_custom_menu":"","ocean_menu_typo_font_family":"","ocean_menu_typo_font_subset":"","ocean_menu_typo_font_size":0,"ocean_menu_typo_font_size_tablet":0,"ocean_menu_typo_font_size_mobile":0,"ocean_menu_typo_font_size_unit":"px","ocean_menu_typo_font_weight":"","ocean_menu_typo_font_weight_tablet":"","ocean_menu_typo_font_weight_mobile":"","ocean_menu_typo_transform":"","ocean_menu_typo_transform_tablet":"","ocean_menu_typo_transform_mobile":"","ocean_menu_typo_line_height":0,"ocean_menu_typo_line_height_tablet":0,"ocean_menu_typo_line_height_mobile":0,"ocean_menu_typo_line_height_unit":"","ocean_menu_typo_spacing":0,"ocean_menu_typo_spacing_tablet":0,"ocean_menu_typo_spacing_mobile":0,"ocean_menu_typo_spacing_unit":"","ocean_menu_link_color":"","ocean_menu_link_color_hover":"","ocean_menu_link_color_active":"","ocean_menu_link_background":"","ocean_menu_link_hover_background":"","ocean_menu_link_active_background":"","ocean_menu_social_links_bg":"","ocean_menu_social_hover_links_bg":"","ocean_menu_social_links_color":"","ocean_menu_social_hover_links_color":"","ocean_disable_title":"default","ocean_disable_heading":"default","ocean_post_title":"","ocean_post_subheading":"","ocean_post_title_style":"","ocean_post_title_background_color":"","ocean_post_title_background":0,"ocean_post_title_bg_image_position":"","ocean_post_title_bg_image_attachment":"","ocean_post_title_bg_image_repeat":"","ocean_post_title_bg_image_size":"","ocean_post_title_height":0,"ocean_post_title_bg_overlay":0.5,"ocean_post_title_bg_overlay_color":"","ocean_disable_breadcrumbs":"default","ocean_breadcrumbs_color":"","ocean_breadcrumbs_separator_color":"","ocean_breadcrumbs_links_color":"","ocean_breadcrumbs_links_hover_color":"","ocean_display_footer_widgets":"default","ocean_display_footer_bottom":"default","ocean_custom_footer_template":"","footnotes":""},"class_list":["post-2211","page","type-page","status-publish","hentry","entry"],"_links":{"self":[{"href":"https:\/\/www.mdiy.org\/index.php?rest_route=\/wp\/v2\/pages\/2211","targetHints":{"allow":["GET"]}}],"collection":[{"href":"https:\/\/www.mdiy.org\/index.php?rest_route=\/wp\/v2\/pages"}],"about":[{"href":"https:\/\/www.mdiy.org\/index.php?rest_route=\/wp\/v2\/types\/page"}],"author":[{"embeddable":true,"href":"https:\/\/www.mdiy.org\/index.php?rest_route=\/wp\/v2\/users\/2"}],"replies":[{"embeddable":true,"href":"https:\/\/www.mdiy.org\/index.php?rest_route=%2Fwp%2Fv2%2Fcomments&post=2211"}],"version-history":[{"count":28,"href":"https:\/\/www.mdiy.org\/index.php?rest_route=\/wp\/v2\/pages\/2211\/revisions"}],"predecessor-version":[{"id":3715,"href":"https:\/\/www.mdiy.org\/index.php?rest_route=\/wp\/v2\/pages\/2211\/revisions\/3715"}],"wp:attachment":[{"href":"https:\/\/www.mdiy.org\/index.php?rest_route=%2Fwp%2Fv2%2Fmedia&parent=2211"}],"curies":[{"name":"wp","href":"https:\/\/api.w.org\/{rel}","templated":true}]}}